{"id":8340,"date":"2019-02-12T18:11:16","date_gmt":"2019-02-13T00:11:16","guid":{"rendered":"http:\/\/justinsnutbutters.hormelstaging.com?page_id=8340"},"modified":"2019-07-30T15:25:59","modified_gmt":"2019-07-30T20:25:59","slug":"lhistoire-de-justin","status":"publish","type":"page","link":"https:\/\/justinsnutbutters.hormelstaging.com\/fr\/lhistoire-de-justin","title":{"rendered":"L\u2019histoire de Justin"},"content":{"rendered":"\n      <div class=\"video-wrapper\">\n        <div class=\"video-container\">\n        <iframe src=\"\/\/player.vimeo.com\/video\/150607437?title=0&byline=0&portrait=0\" frameborder=\"0\" webkitAllowFullScreen mozallowfullscreen allowFullScreen><\/iframe>\n        <\/div>\n      <\/div>\n    \n<h1>Justin Gold, fondateur<\/h1>\n<blockquote><p>La chose la plus importante est seulement de commencer. Vous ne finirez jamais nulle part si vous ne commencez pas quelque part. Si je n\u2019avais pas commenc\u00e9 \u00e0 faire des pots, cela ne m\u2019aurait pas donn\u00e9 l\u2019occasion d\u2019arriver l\u00e0 o\u00f9 je suis aujourd\u2019hui.<\/p><\/blockquote>\n<p><img loading=\"lazy\" decoding=\"async\" src=\"http:\/\/justinsnutbutters.hormelstaging.com\/wp-content\/uploads\/2018\/11\/justin-wall.jpg\" alt=\"Propri\u00e9taire du beurre de noix Justin\" width=\"631\" height=\"348\" class=\"alignnone size-full wp-image-1405\" srcset=\"https:\/\/justinsnutbutters.hormelstaging.com\/wp-content\/uploads\/2018\/11\/justin-wall.jpg 631w, https:\/\/justinsnutbutters.hormelstaging.com\/wp-content\/uploads\/2018\/11\/justin-wall-300x165.jpg 300w\" sizes=\"auto, (max-width: 631px) 100vw, 631px\" \/><\/p>\n<p>En commen\u00e7ant avec une bonne id\u00e9e, une grande ambition, un simple robot culinaire, et une affinit\u00e9 pour les ingr\u00e9dients locaux et naturels, Justin a fait ses tout premiers lots de ses beurres de noix culinaires, maintenant c\u00e9l\u00e8bres, dans sa cuisine \u00e0 la maison. <\/p>\n","protected":false},"excerpt":{"rendered":"<p>Justin Gold, fondateur La chose la plus importante est seulement de commencer. Vous ne finirez jamais nulle part si vous ne commencez pas quelque part. Si je n\u2019avais pas commenc\u00e9 \u00e0 faire des pots, cela ne m\u2019aurait pas donn\u00e9 l\u2019occasion d\u2019arriver l\u00e0 o\u00f9 je suis aujourd\u2019hui. En commen\u00e7ant avec une bonne id\u00e9e, une grande ambition, [&hellip;]<\/p>\n","protected":false},"author":11,"featured_media":0,"parent":0,"menu_order":0,"comment_status":"closed","ping_status":"open","template":"pages\/justins-story.php","meta":{"footnotes":""},"class_list":["post-8340","page","type-page","status-publish","hentry"],"_links":{"self":[{"href":"https:\/\/justinsnutbutters.hormelstaging.com\/fr\/wp-json\/wp\/v2\/pages\/8340","targetHints":{"allow":["GET"]}}],"collection":[{"href":"https:\/\/justinsnutbutters.hormelstaging.com\/fr\/wp-json\/wp\/v2\/pages"}],"about":[{"href":"https:\/\/justinsnutbutters.hormelstaging.com\/fr\/wp-json\/wp\/v2\/types\/page"}],"author":[{"embeddable":true,"href":"https:\/\/justinsnutbutters.hormelstaging.com\/fr\/wp-json\/wp\/v2\/users\/11"}],"replies":[{"embeddable":true,"href":"https:\/\/justinsnutbutters.hormelstaging.com\/fr\/wp-json\/wp\/v2\/comments?post=8340"}],"version-history":[{"count":2,"href":"https:\/\/justinsnutbutters.hormelstaging.com\/fr\/wp-json\/wp\/v2\/pages\/8340\/revisions"}],"predecessor-version":[{"id":11443,"href":"https:\/\/justinsnutbutters.hormelstaging.com\/fr\/wp-json\/wp\/v2\/pages\/8340\/revisions\/11443"}],"wp:attachment":[{"href":"https:\/\/justinsnutbutters.hormelstaging.com\/fr\/wp-json\/wp\/v2\/media?parent=8340"}],"curies":[{"name":"wp","href":"https:\/\/api.w.org\/{rel}","templated":true}]}}