{"id":11453,"date":"2019-06-12T12:47:09","date_gmt":"2019-06-12T17:47:09","guid":{"rendered":"http:\/\/justinsnutbutters.hormelstaging.com\/nous-sommes-fous-des-abeilles"},"modified":"2019-06-12T12:47:09","modified_gmt":"2019-06-12T17:47:09","slug":"nous-sommes-fous-des-abeilles","status":"publish","type":"page","link":"https:\/\/justinsnutbutters.hormelstaging.com\/fr\/nous-sommes-fous-des-abeilles","title":{"rendered":"NOUS SOMMES FOUS DES ABEILLES"},"content":{"rendered":"<h1>Nous sommes fous des abeilles<\/h1>\n<p><img loading=\"lazy\" decoding=\"async\" src=\"http:\/\/justinsnutbutters.hormelstaging.com\/wp-content\/uploads\/2018\/11\/Justins-Website-Slider-Bees-3.png\" alt=\"\" width=\"640\" height=\"237\" class=\"alignnone size-full wp-image-1417\" srcset=\"https:\/\/justinsnutbutters.hormelstaging.com\/wp-content\/uploads\/2018\/11\/Justins-Website-Slider-Bees-3.png 640w, https:\/\/justinsnutbutters.hormelstaging.com\/wp-content\/uploads\/2018\/11\/Justins-Website-Slider-Bees-3-300x111.png 300w\" sizes=\"auto, (max-width: 640px) 100vw, 640px\" \/><\/p>\n<p>Le monde a besoin de DELICIOUS \u2013 et DELICIOUS a besoin d\u2019abeilles. Les abeilles sont responsables de 1 nourriture sur 3 que nous mangeons, y compris les amandes et le miel, deux de mes formes pr\u00e9f\u00e9r\u00e9es de DELICIOUS. Mais, avec des abeilles qui meurent \u00e0 un rythme de 30\u00a0% par ann\u00e9e, nous ne pouvons pas nous permettre de rester l\u00e0 sans bouger. C\u2019est pour \u00e7a que Justin est fou des abeilles. Nous unissons nos forces \u00e0 celles de la Xerces Society, du People &amp; Pollinators Action Network et de Growing Gardens pour faire notre part aux niveaux national, \u00e9tatique et local.\u00a0 Rien de tout cela ne r\u00e9soudra le probl\u00e8me, mais ensemble, et avec votre aide, nous pourrons sauver les pollinisateurs et dans le processus, DELICIOUS.<\/p>\n<p>Qu\u2019est-ce que tout ce buzz sur les pollinisateurs, vous demandez-vous? Et nous ne parlons pas seulement des abeilles ici. Alors que les abeilles sont les plus courantes, les papillons, les oiseaux, les mites, les col\u00e9opt\u00e8res et les chauves-souris sont aussi des pollinisateurs! Fait amusant\u00a0: Les pollinisateurs sont n\u00e9cessaires pour environ 80\u00a0% de toutes les cultures vivri\u00e8res dans le monde, ce qui signifie que nos repas seraient assez tristes sans eux. Alors, la prochaine fois que vous serez assis pour d\u00eener, donnez une accolade \u00e0 une abeille. (Pas litt\u00e9ralement. Vous serez probablement piqu\u00e9.)<\/p>\n<p>Malheureusement, ces pollinisateurs luttent. Les apiculteurs ont rapport\u00e9 une perte d\u2019environ 40\u00a0% des colonies d\u2019abeilles par an, et sur la base du nombre de vergers d\u2019amandes en Californie, les apiculteurs dans l\u2019\u00e9tat d\u2019or ont seulement un quart des ruches dont ils ont besoin pour la pollinisation de leurs r\u00e9coltes. A\u00efe. En janvier 2017, le Rusty Patched Bumble Bee a \u00e9t\u00e9 la premi\u00e8re abeille dans les \u00c9tats-Unis continentaux \u00e0 \u00eatre \u00e9num\u00e9r\u00e9s en vertu de la Loi sur les esp\u00e8ces menac\u00e9es d\u2019extinction. Si cela ne vous effraie pas, voici un peu de nourriture \u00e0 penser\u00a0: sans ces pollinisateurs essentiels, nous n\u2019aurions pas d\u2019amandes, de miel ou de chocolat. Maintenant c\u2019est digne d\u2019un cauchemar.<\/p>\n<p>\u00c9videmment, nous devons faire quelque chose. Pour commencer, Justin s\u2019associe avec <a href=\"http:\/\/www.xerces.org\/\">The Xerces Society<\/a>, un organisme \u00e0 but non lucratif reconnu internationalement comme un chef de file dans la conservation des pollinisateurs. Au cours des quatre derni\u00e8res d\u00e9cennies, ils se sont concentr\u00e9s sur la protection des esp\u00e8ces menac\u00e9es et de leurs habitats, ont produit des publications r\u00e9volutionnaires sur la conservation des insectes et ont form\u00e9 des milliers d\u2019agriculteurs pour prot\u00e9ger et g\u00e9rer l\u2019habitat. Au niveau de l\u2019\u00c9tat, nous sommes fiers de soutenir <a href=\"http:\/\/peopleandpollinators.org\/\">People &amp; Pollinators Action Network PPAN)<\/a>, une organisation bas\u00e9e au Colorado qui travaille \u00e0 promouvoir des pratiques agricoles durables et \u00e0 am\u00e9liorer notre environnement en cr\u00e9ant des mouvements pour sensibiliser les communaut\u00e9s, modifier les politiques et soutenir les meilleures pratiques en mati\u00e8re de conservation des pollinisateurs.<\/p>\n<p>Dans notre propre arri\u00e8re-cour \u00e0 Boulder, Colorado, nous nous associons avec<a href=\"http:\/\/www.growinggardens.org\/\">Growing Gardens<\/a>, une association locale \u00e0 but non lucratif d\u00e9di\u00e9 \u00e0 enrichir les vies gr\u00e2ce \u00e0 l\u2019agriculture durable et urbaine. Nos journ\u00e9es de contribution et de b\u00e9n\u00e9volat remplaceront 16 ruches, aideront \u00e0 planter et \u00e0 entretenir Growing Garden\u2019s Pollinator Garden, et fourniront des bourses et des visites en classe \u00e0 plus de 800 enfants pour apprendre la conservation des pollinisateurs.<\/p>\n<p>Ce sont les petites choses que nous pouvons tous faire qui font une diff\u00e9rence. En fournissant de la nourriture, de l\u2019eau et l\u2019habitat, vous pouvez faire votre part pour prot\u00e9ger ces esp\u00e8ces critiques. Votre maison et votre jardin sont l\u2019endroit id\u00e9al pour commencer. Planter des fleurs sauvages appropri\u00e9es au niveau r\u00e9gional est un autre moyen simple d\u2019aider les abeilles et de contribuer \u00e0 la conservation des pollinisateurs. En plus, c\u2019est amusant et joli.<\/p>\n<p>Sans abeilles, il n\u2019y aurait pas de Justin, et nous ne pouvons pas sauver les abeilles sans le reste de notre colonie\u00a0: VOUS.<\/p>\n\n      <div class=\"video-wrapper\">\n        <div class=\"video-container\">\n          <iframe src=\"\/\/www.youtube.com\/embed\/4H7_GEzbBAs?theme=dark&rel=0\" frameborder=\"0\" allowfullscreen><\/iframe>\n        <\/div>\n      <\/div>\n    \n<div style=\"text-align:center\">\n<a href=\"http:\/\/www.growinggardens.org\/\" class=\"p14-img-swap\" target=\"_blank\"><img decoding=\"async\" src=\"http:\/\/justins.com\/wp-content\/uploads\/2017\/03\/GrowingGardens-Gray-2.jpg\" class=\"active\" alt=\"Growing Gardens\" \/><img decoding=\"async\" src=\"http:\/\/justins.com\/wp-content\/uploads\/2017\/03\/GrowingGardens-Color-2.jpg\" class=\"hovered\" alt=\"Growing Gardens\" \/><\/a>\n<a href=\"http:\/\/peopleandpollinators.org\/\" class=\"p14-img-swap\" target=\"_blank\"><img decoding=\"async\" src=\"http:\/\/justins.com\/wp-content\/uploads\/2017\/03\/PPAN-Gray-2.jpg\" class=\"active\" alt=\"People and Pollinators Action Network\" \/><img decoding=\"async\" src=\"http:\/\/justins.com\/wp-content\/uploads\/2017\/03\/PPAN-Color-2.jpg\" class=\"hovered\" alt=\"People and Pollinators Action Network\" \/><\/a>\n<a href=\"http:\/\/www.xerces.org\/\" class=\"p14-img-swap\" target=\"_blank\"><img decoding=\"async\" src=\"http:\/\/justins.com\/wp-content\/uploads\/2017\/03\/Xerces-Gray-3.jpg\" class=\"active\" alt=\"The Xerces Society\" \/><img decoding=\"async\" src=\"http:\/\/justins.com\/wp-content\/uploads\/2017\/03\/Xerces-Color-2.jpg\" class=\"hovered\" alt=\"The Xerces Society\" \/><\/a>\n<\/div>\n","protected":false},"excerpt":{"rendered":"<p>Nous sommes fous des abeilles Le monde a besoin de DELICIOUS \u2013 et DELICIOUS a besoin d\u2019abeilles. Les abeilles sont responsables de 1 nourriture sur 3 que nous mangeons, y compris les amandes et le miel, deux de mes formes pr\u00e9f\u00e9r\u00e9es de DELICIOUS. Mais, avec des abeilles qui meurent \u00e0 un rythme de 30\u00a0% par [&hellip;]<\/p>\n","protected":false},"author":11,"featured_media":0,"parent":0,"menu_order":0,"comment_status":"closed","ping_status":"open","template":"","meta":{"footnotes":""},"class_list":["post-11453","page","type-page","status-publish","hentry"],"_links":{"self":[{"href":"https:\/\/justinsnutbutters.hormelstaging.com\/fr\/wp-json\/wp\/v2\/pages\/11453","targetHints":{"allow":["GET"]}}],"collection":[{"href":"https:\/\/justinsnutbutters.hormelstaging.com\/fr\/wp-json\/wp\/v2\/pages"}],"about":[{"href":"https:\/\/justinsnutbutters.hormelstaging.com\/fr\/wp-json\/wp\/v2\/types\/page"}],"author":[{"embeddable":true,"href":"https:\/\/justinsnutbutters.hormelstaging.com\/fr\/wp-json\/wp\/v2\/users\/11"}],"replies":[{"embeddable":true,"href":"https:\/\/justinsnutbutters.hormelstaging.com\/fr\/wp-json\/wp\/v2\/comments?post=11453"}],"version-history":[{"count":0,"href":"https:\/\/justinsnutbutters.hormelstaging.com\/fr\/wp-json\/wp\/v2\/pages\/11453\/revisions"}],"wp:attachment":[{"href":"https:\/\/justinsnutbutters.hormelstaging.com\/fr\/wp-json\/wp\/v2\/media?parent=11453"}],"curies":[{"name":"wp","href":"https:\/\/api.w.org\/{rel}","templated":true}]}}