{"id":11452,"date":"2019-06-12T12:47:08","date_gmt":"2019-06-12T17:47:08","guid":{"rendered":"http:\/\/justinsnutbutters.hormelstaging.com\/valeurs"},"modified":"2019-06-12T12:47:08","modified_gmt":"2019-06-12T17:47:08","slug":"valeurs","status":"publish","type":"page","link":"https:\/\/justinsnutbutters.hormelstaging.com\/fr\/valeurs","title":{"rendered":"Valeurs"},"content":{"rendered":"<h1>Nos valeurs<\/h1>\n<p><img loading=\"lazy\" decoding=\"async\" src=\"http:\/\/justinsnutbutters.hormelstaging.com\/wp-content\/uploads\/2018\/11\/Justins-Web-OurValues.jpg\" alt=\"Valeurs de Justin\" width=\"630\" height=\"310\" class=\"alignnone size-full wp-image-1416\" srcset=\"https:\/\/justinsnutbutters.hormelstaging.com\/wp-content\/uploads\/2018\/11\/Justins-Web-OurValues.jpg 630w, https:\/\/justinsnutbutters.hormelstaging.com\/wp-content\/uploads\/2018\/11\/Justins-Web-OurValues-300x148.jpg 300w\" sizes=\"auto, (max-width: 630px) 100vw, 630px\" \/><\/p>\n<p>Nos valeurs d\u00e9coulent d\u2019un sens de la passion, de l\u2019innovation et de la conscience corporative. Apprenez-en davantage sur notre fa\u00e7on unique de faire des affaires et des piliers sp\u00e9cifiques ci-dessous.<\/p>\n<h6>Passion<\/h6>\n<p>Grandissant dans une petite ville de montagne en Pennsylvanie, la famille de Justin poss\u00e9dait et exploitait un petit magasin d\u2019aliments naturels o\u00f9 Justin a acquis une conscience pr\u00e9coce, l\u2019\u00e9ducation et l\u2019appr\u00e9ciation des aliments naturels. En commen\u00e7ant par la frustration pour le manque de go\u00fbt et de vari\u00e9t\u00e9 dans son r\u00e9gime v\u00e9g\u00e9tarien, il s\u2019est d\u00e9couvert la conduite entrepreneuriale et l\u2019esprit d\u2019irr\u00e9v\u00e9rence. La passion de Justin vit toujours dans les d\u00e9cisions d\u2019affaires que nous faisons chaque jour.<\/p>\n<h6>Conscience<\/h6>\n<p>Les valeurs de Justin ne sont pas seulement des pratiques durables, mais aussi l&rsquo;int\u00e9grit\u00e9 et la transparence \u00e0 chaque \u00e9tape du processus. En approvisionnant les ingr\u00e9dients locaux de la plus haute qualit\u00e9, en simplifiant la cha\u00eene d\u2019approvisionnement et en lan\u00e7ant des pratiques de bureau respectueuses de l\u2019environnement, nous nous effor\u00e7ons d\u2019att\u00e9nuer notre impact environnemental.<\/p>\n<p>En plus de prendre soin de la terre, Justin met l\u2019accent sur la prise en charge de la communaut\u00e9. Nous donnons au prochain par nos efforts de soulagement de la faim avec la Conscious Alliance et les efforts mondiaux de soulagement de la pauvret\u00e9 d\u2019entrepreneur avec la Whole Planet Foundation.<\/p>\n<h6>Produit<\/h6>\n<p>Depuis que le tout premier lot de noix est entr\u00e9 dans le robot culinaire de Justin Gold dans sa cuisine \u00e0 la maison en 2004, les innovations de Justin ont transform\u00e9 le monde conventionnel des beurres de noix et des confections en utilisant un processus de broyage unique en son genre qui fusionne de haute qualit\u00e9, ingr\u00e9dients naturellement d\u00e9licieux avec un go\u00fbt, une texture et une nutrition incroyables. Ce processus a pris \u00e0 Justin deux ans pour se perfectionner, et la preuve est dans chaque bouch\u00e9e.<\/p>\n<p>Nos produits sont fabriqu\u00e9s avec le bon sens et la qualit\u00e9 extr\u00eame. Et en choisissant des ingr\u00e9dients fins et enti\u00e8rement naturels, nous leur donnons un meilleur go\u00fbt. Nous pensons que vous serez d\u2019accord.<\/p>\n","protected":false},"excerpt":{"rendered":"<p>Nos valeurs Nos valeurs d\u00e9coulent d\u2019un sens de la passion, de l\u2019innovation et de la conscience corporative. Apprenez-en davantage sur notre fa\u00e7on unique de faire des affaires et des piliers sp\u00e9cifiques ci-dessous. Passion Grandissant dans une petite ville de montagne en Pennsylvanie, la famille de Justin poss\u00e9dait et exploitait un petit magasin d\u2019aliments naturels o\u00f9 [&hellip;]<\/p>\n","protected":false},"author":11,"featured_media":0,"parent":0,"menu_order":0,"comment_status":"closed","ping_status":"open","template":"","meta":{"footnotes":""},"class_list":["post-11452","page","type-page","status-publish","hentry"],"_links":{"self":[{"href":"https:\/\/justinsnutbutters.hormelstaging.com\/fr\/wp-json\/wp\/v2\/pages\/11452","targetHints":{"allow":["GET"]}}],"collection":[{"href":"https:\/\/justinsnutbutters.hormelstaging.com\/fr\/wp-json\/wp\/v2\/pages"}],"about":[{"href":"https:\/\/justinsnutbutters.hormelstaging.com\/fr\/wp-json\/wp\/v2\/types\/page"}],"author":[{"embeddable":true,"href":"https:\/\/justinsnutbutters.hormelstaging.com\/fr\/wp-json\/wp\/v2\/users\/11"}],"replies":[{"embeddable":true,"href":"https:\/\/justinsnutbutters.hormelstaging.com\/fr\/wp-json\/wp\/v2\/comments?post=11452"}],"version-history":[{"count":0,"href":"https:\/\/justinsnutbutters.hormelstaging.com\/fr\/wp-json\/wp\/v2\/pages\/11452\/revisions"}],"wp:attachment":[{"href":"https:\/\/justinsnutbutters.hormelstaging.com\/fr\/wp-json\/wp\/v2\/media?parent=11452"}],"curies":[{"name":"wp","href":"https:\/\/api.w.org\/{rel}","templated":true}]}}