{"id":11438,"date":"2019-06-12T12:46:51","date_gmt":"2019-06-12T17:46:51","guid":{"rendered":"http:\/\/justinsnutbutters.hormelstaging.com\/contact"},"modified":"2019-07-26T09:59:36","modified_gmt":"2019-07-26T14:59:36","slug":"contact","status":"publish","type":"page","link":"https:\/\/justinsnutbutters.hormelstaging.com\/fr\/contact","title":{"rendered":"Contact"},"content":{"rendered":"<p>Si vous pr\u00e9f\u00e9rez nous contacter par t\u00e9l\u00e9phone, n\u2019h\u00e9sitez pas \u00e0 nous contacter au 1\u00a0855\u00a0581-9883, entre 8h-16h CT lundi-vendredi,en dehors des jours f\u00e9ri\u00e9s. Les heures d\u2019\u00e9t\u00e9 peuvent varier.<\/p>\n<p>Vous pouvez \u00e9galement nous \u00e9crire \u00e0 Hormel Foods Corporation, Consumer Response, 1 Hormel place, Austin, MN, \u00c9.-U., 55912<\/p>\n<h3>Veuillez remplir les informations suivantes<\/h3>\n<p>Champs obligatoires*<\/p>\n<form id=\"salesforce\" action=\"https:\/\/webto.salesforce.com\/servlet\/servlet.WebToCase?encoding=UTF-8\" method=\"POST\" class=\"grid\"><input type=hidden name=\"orgid\" value=\"00D46000000sRcc\" \/>\r\n\t\t\t\t\t<input type=hidden name=\"retURL\" value=\"http:\/\/justinsnutbutters.ca\" \/>\r\n\t\t\t\t\t<input type=\"hidden\" name=\"00N4600000F2ZF4\" id=\"00N4600000F2ZF4\" value=\"justinsnutbutters.ca\" \/><p><label for=\"00N4600000F2ZEe\">Titre du contact<\/label><select id=\"00N4600000F2ZEe\" name=\"00N4600000F2ZEe\" title=\"Titre du contact\">\r\n\t\t\t\t\t\t\t<option value=\"\">--Titre du contact--<\/option>\r\n\t\t\t\t\t\t\t<option value=\"MR.\">M.<\/option>\r\n\t\t\t\t\t\t\t<option value=\"MS.\">MME<\/option>\r\n\t\t\t\t\t\t\t<option value=\"MISS\">MLLE<\/option>\r\n\t\t\t\t\t\t\t<option value=\"MRS.\">MME<\/option>\r\n\t\t\t\t\t\t\t<option value=\"DR.\">DR.<\/option>\r\n\t\t\t\t\t\t\t<option value=\"REV.\">REV.<\/option>\r\n\t\t\t\t\t\t<\/select>\r\n\t\t\t\t\t<\/p>\r\n\t\t\t\t\t<p><label for=\"00N4600000CwOft\">Pr\u00e9nom<\/label><input id=\"00N4600000CwOft\" name=\"00N4600000CwOft\" type=\"text\" placeholder=\"Pr\u00e9nom*\" class=\"required\" \/><\/p>\r\n\t\t\t\t\t<p><label for=\"00N4600000CwOfu\">Nom de famille<\/label><input id=\"00N4600000CwOfu\" maxlength=\"50\" name=\"00N4600000CwOfu\" type=\"text\" placeholder=\"Nom de famille*\" class=\"required\" \/><\/p>\r\n\t\t\t\t\t<p><label for=\"00N4600000F2ZF2\">Suffixe de nom<\/label><input id=\"00N4600000F2ZF2\" maxlength=\"10\" name=\"00N4600000F2ZF2\" type=\"text\" placeholder=\"Suffixe de nom\" \/><\/p>\r\n\t\t\t\t\t<p><label for=\"00N4600000F2ZES\">Adresse 1<\/label><input id=\"00N4600000F2ZES\" maxlength=\"50\" name=\"00N4600000F2ZES\" type=\"text\" placeholder=\"Adresse 1\" \/><\/p>\r\n\t\t\t\t\t<p><label for=\"00N4600000F2ZET\">Adresse 2<\/label><input id=\"00N4600000F2ZET\" maxlength=\"50\" name=\"00N4600000F2ZET\" type=\"text\" placeholder=\"Adresse 2\" \/><\/p>\r\n\t\t\t\t\t<p><label for=\"00N4600000F2ZEZ\">Ville<\/label><input id=\"00N4600000F2ZEZ\" maxlength=\"50\" name=\"00N4600000F2ZEZ\" type=\"text\" placeholder=\"Ville\" \/><\/p>\r\n\t\t\t\t\t<p><label for=\"00N4600000F2ZFO\">\u00c9tat<\/label><input id=\"00N4600000F2ZFO\" maxlength=\"50\" name=\"00N4600000F2ZFO\" type=\"text\" placeholder=\"\u00c9tat\" \/><\/p>\r\n\t\t\t\t\t<p><label for=\"00N4600000F2ZFZ\">Code postal<\/label><input id=\"00N4600000F2ZFZ\" maxlength=\"20\" name=\"00N4600000F2ZFZ\" type=\"text\" placeholder=\"Code postal\" \/><\/p>\r\n\t\t\t\t\t<p><label for=\"00N4600000F2ZFO\">Province<\/label><input id=\"00N4600000F2ZFO\" maxlength=\"50\" name=\"00N4600000F2ZFO\" type=\"text\" placeholder=\"Province\" \/><\/p>\r\n\r\n\t\t\t\t\t<h3>Comment pouvons-nous vous contacter?<\/h3>\r\n\t\t\t\t\t<p>Afin de recevoir la correspondance de Hormel Foods, vous devez remplir au\r\n\t\t\t            moins une des options suivantes. Veuillez remarquer - Si vous demandez des informations\r\n\t\t\t            sur le lieu d\u2019achat d\u2019un produit sp\u00e9cifique, veuillez inclure <strong>votre\r\n\t\t\t                adresse <em>et votre<\/em> num\u00e9ro de t\u00e9l\u00e9phone<\/strong>. Nos demandes de lieu d\u2019achat sont\r\n\t\t\t            g\u00e9r\u00e9 par la force de vente situ\u00e9e pr\u00e8s de votre ville.<\/p><!-- Country:<input  id=\"00N0t000000n1XJ\" maxlength=\"75\" name=\"00N0t000000n1XJ\" type=\"text\" \/> --><p><label for=\"email\">Courriel<\/label><input id=\"email\" maxlength=\"80\" name=\"email\" type=\"text\" placeholder=\"Courriel*\" class=\"required\" \/><\/p>\r\n\t\t\t\t\t<p><label for=\"phone\">T\u00e9l\u00e9phone<\/label><input id=\"phone\" maxlength=\"40\" name=\"phone\" type=\"text\" placeholder=\"T\u00e9l\u00e9phone*\" class=\"required\" \/><\/p>\r\n\t\t\t\t\t<p><label for=\"00N4600000F2ZFY\">T\u00e9l\u00e9phone au travail<\/label><input id=\"00N4600000F2ZFY\" maxlength=\"40\" name=\"00N4600000F2ZFY\" type=\"text\" placeholder=\"T\u00e9l\u00e9phone au travail\" \/>\r\n\t\t\t\t\t<p><label for=\"00N4600000F2ZFX\">Commentaires<\/label><textarea id=\"00N4600000F2ZFX\" name=\"00N4600000F2ZFX\" rows=\"5\" type=\"text\" wrap=\"soft\" placeholder=\"Commentaires\"><\/textarea><\/p>\r\n\r\n\t\t\t\t\t<p>Si vous vous renseignez sur un produit sp\u00e9cifique, veuillez indiquer les informations sur le produit ci-dessous.<\/p>\r\n\r\n\t\t\t\t\t<p><label for=\"00N4600000F2ZFA\">Description du produit<\/label><textarea id=\"00N4600000F2ZFA\" name=\"00N4600000F2ZFA\" type=\"text\" wrap=\"soft\" rows=\"5\" placeholder=\"Description du produit\"><\/textarea><\/p>\r\n\t\t\t\t\t<p><label for=\"00N4600000F2ZFB\">Code UPC<\/label><input id=\"00N4600000F2ZFB\" maxlength=\"50\" name=\"00N4600000F2ZFB\" type=\"text\" placeholder=\"Code UPC\" \/><\/p>\r\n\t\t\t\t\t<p><label for=\"00N4600000F2ZF9\">Date du produit<\/label><input id=\"00N4600000F2ZF9\" name=\"00N4600000F2ZF9\" size=\"12\" type=\"text\" placeholder=\"Date du produit\" \/><\/p>\r\n\r\n\t\t\t\t\t<h3>Suggestions et politique de soumission d\u2019id\u00e9es\u00a0:<\/h3>\r\n\t\t\t\t\t<p>Vous comprenez et convenez que Hormel Foods a de nombreuses ressources \u00e0 la fois internes et\r\n\t\t\t            externe, qui peuvent avoir d\u00e9velopp\u00e9 ou peuvent d\u00e9velopper des informations identiques ou similaires\r\n\t\t\t            \u00e0 celles que nous avons divulgu\u00e9 ici. L\u2019information ici n\u2019est pas soumise \u00e0 titre confidentiel et\r\n\t\t\t            Hormel Foods n\u2019assume aucune obligation en l\u2019envisageant. Tous les commentaires, offres, suggestions,\r\n\t\t\t            id\u00e9es, recettes, concepts, illustrations ou autres informations (\u00ab\u00a0soumissions\u00a0\u00bb) divulgu\u00e9es\r\n\t\t\t            \u00e0 notre intention en utilisant ce site ou en r\u00e9ponse \u00e0 des sollicitations sur ce site sont la propri\u00e9t\u00e9\r\n\t\t\t            de Hormel Foods, y compris ses divisions et ses filiales en propri\u00e9t\u00e9 exclusive.\r\n\t\t\t            Sans s\u2019y limiter, Hormel Foods poss\u00e8de exclusivement tous les droits, connus ou\r\n\t\t\t            les soumissions et a droit \u00e0 une utilisation illimit\u00e9e de celle-ci pour\r\n\t\t\t            quelque but que ce soit, commercial ou autre, sans compensation \u00e0 l\u2019auteur de la soumission.\r\n\t\t\t            Hormel Foods examinera les soumissions uniquement \u00e0 ces conditions.<\/p>\r\n\t\t\t\t\t<p>Veuillez cliquer sur le bouton \u00ab\u00a0Soumettre\u00a0\u00bb ci-dessous pour indiquer votre accord avec ces conditions et soumettre vos informations.<\/p><!-- <div class=\"g-recaptcha\" data-sitekey=\"6LcZGZEUAAAAADlxNGkxZAGK36uNPnm8i2M4yfSE\"><\/div> -->\r\n\t\t\t\t\t<input type=\"submit\" name=\"submit\" \/><\/form>\n","protected":false},"excerpt":{"rendered":"<p>Si vous pr\u00e9f\u00e9rez nous contacter par t\u00e9l\u00e9phone, n\u2019h\u00e9sitez pas \u00e0 nous contacter au 1\u00a0855\u00a0581-9883, entre 8h-16h CT lundi-vendredi,en dehors des jours f\u00e9ri\u00e9s. Les heures d\u2019\u00e9t\u00e9 peuvent varier. Vous pouvez \u00e9galement nous \u00e9crire \u00e0 Hormel Foods Corporation, Consumer Response, 1 Hormel place, Austin, MN, \u00c9.-U., 55912 Veuillez remplir les informations suivantes Champs obligatoires*<\/p>\n","protected":false},"author":11,"featured_media":0,"parent":0,"menu_order":0,"comment_status":"closed","ping_status":"open","template":"pages\/no-sidebar.php","meta":{"footnotes":""},"class_list":["post-11438","page","type-page","status-publish","hentry"],"_links":{"self":[{"href":"https:\/\/justinsnutbutters.hormelstaging.com\/fr\/wp-json\/wp\/v2\/pages\/11438","targetHints":{"allow":["GET"]}}],"collection":[{"href":"https:\/\/justinsnutbutters.hormelstaging.com\/fr\/wp-json\/wp\/v2\/pages"}],"about":[{"href":"https:\/\/justinsnutbutters.hormelstaging.com\/fr\/wp-json\/wp\/v2\/types\/page"}],"author":[{"embeddable":true,"href":"https:\/\/justinsnutbutters.hormelstaging.com\/fr\/wp-json\/wp\/v2\/users\/11"}],"replies":[{"embeddable":true,"href":"https:\/\/justinsnutbutters.hormelstaging.com\/fr\/wp-json\/wp\/v2\/comments?post=11438"}],"version-history":[{"count":1,"href":"https:\/\/justinsnutbutters.hormelstaging.com\/fr\/wp-json\/wp\/v2\/pages\/11438\/revisions"}],"predecessor-version":[{"id":11808,"href":"https:\/\/justinsnutbutters.hormelstaging.com\/fr\/wp-json\/wp\/v2\/pages\/11438\/revisions\/11808"}],"wp:attachment":[{"href":"https:\/\/justinsnutbutters.hormelstaging.com\/fr\/wp-json\/wp\/v2\/media?parent=11438"}],"curies":[{"name":"wp","href":"https:\/\/api.w.org\/{rel}","templated":true}]}}