{"id":11437,"date":"2019-06-12T12:46:50","date_gmt":"2019-06-12T17:46:50","guid":{"rendered":"http:\/\/justinsnutbutters.hormelstaging.com\/histoire-de-lentreprise"},"modified":"2019-07-30T15:24:12","modified_gmt":"2019-07-30T20:24:12","slug":"histoire-de-lentreprise","status":"publish","type":"page","link":"https:\/\/justinsnutbutters.hormelstaging.com\/fr\/lhistoire-de-justin\/histoire-de-lentreprise","title":{"rendered":"Histoire de l\u2019entreprise"},"content":{"rendered":"<h1>Histoire de l\u2019entreprise<\/h1>\n<p>On a fait beaucoup de chemin depuis les jours dans la cuisine de Justin. Cette page est remplie de faits sur la fa\u00e7on dont Justin a grandi depuis le march\u00e9 de fermier jusqu\u2019\u00e0 la distribution nationale.<\/p>\n<p><span style=\"color:#89210e\">Cliquez sur les fl\u00e8ches ou utilisez le menu d\u00e9roulant pour voir les jalons de Justin au fil des ann\u00e9es.<\/span><\/p>\n","protected":false},"excerpt":{"rendered":"<p>Histoire de l\u2019entreprise On a fait beaucoup de chemin depuis les jours dans la cuisine de Justin. Cette page est remplie de faits sur la fa\u00e7on dont Justin a grandi depuis le march\u00e9 de fermier jusqu\u2019\u00e0 la distribution nationale. Cliquez sur les fl\u00e8ches ou utilisez le menu d\u00e9roulant pour voir les jalons de Justin au [&hellip;]<\/p>\n","protected":false},"author":11,"featured_media":0,"parent":8340,"menu_order":0,"comment_status":"closed","ping_status":"open","template":"pages\/company-story.php","meta":{"footnotes":""},"class_list":["post-11437","page","type-page","status-publish","hentry"],"_links":{"self":[{"href":"https:\/\/justinsnutbutters.hormelstaging.com\/fr\/wp-json\/wp\/v2\/pages\/11437","targetHints":{"allow":["GET"]}}],"collection":[{"href":"https:\/\/justinsnutbutters.hormelstaging.com\/fr\/wp-json\/wp\/v2\/pages"}],"about":[{"href":"https:\/\/justinsnutbutters.hormelstaging.com\/fr\/wp-json\/wp\/v2\/types\/page"}],"author":[{"embeddable":true,"href":"https:\/\/justinsnutbutters.hormelstaging.com\/fr\/wp-json\/wp\/v2\/users\/11"}],"replies":[{"embeddable":true,"href":"https:\/\/justinsnutbutters.hormelstaging.com\/fr\/wp-json\/wp\/v2\/comments?post=11437"}],"version-history":[{"count":1,"href":"https:\/\/justinsnutbutters.hormelstaging.com\/fr\/wp-json\/wp\/v2\/pages\/11437\/revisions"}],"predecessor-version":[{"id":11812,"href":"https:\/\/justinsnutbutters.hormelstaging.com\/fr\/wp-json\/wp\/v2\/pages\/11437\/revisions\/11812"}],"up":[{"embeddable":true,"href":"https:\/\/justinsnutbutters.hormelstaging.com\/fr\/wp-json\/wp\/v2\/pages\/8340"}],"wp:attachment":[{"href":"https:\/\/justinsnutbutters.hormelstaging.com\/fr\/wp-json\/wp\/v2\/media?parent=11437"}],"curies":[{"name":"wp","href":"https:\/\/api.w.org\/{rel}","templated":true}]}}